{"id":989,"date":"2022-06-01T12:02:06","date_gmt":"2022-06-01T17:02:06","guid":{"rendered":"https:\/\/fernandogil.music\/?page_id=989"},"modified":"2026-02-13T21:49:53","modified_gmt":"2026-02-14T03:49:53","slug":"acerca-de-mi","status":"publish","type":"page","link":"https:\/\/fernandogil.music\/?page_id=989","title":{"rendered":"Acerca de m\u00ed"},"content":{"rendered":"<div id=\"cs-content\" class=\"cs-content\"><\/div>\n","protected":false},"excerpt":{"rendered":"<p>Acerca &nbsp; &nbsp; &nbsp; &nbsp; &nbsp; de m&iacute;Soy un artista inquieto, impulsado por una profunda pasi\u00f3n por fusionar mis habilidades con la tecnolog\u00eda y la creatividad en el \u00e1mbito musical. Siempre en busca de nuevos proyectos, prospero al explorar diversas facetas de mi disciplina art\u00edstica. Con una s\u00f3lida formaci\u00f3n en composici\u00f3n y arreglo musical, aporto una amplia experiencia a cualquier &#8230;<\/p>\n","protected":false},"author":1,"featured_media":0,"parent":0,"menu_order":0,"comment_status":"closed","ping_status":"closed","template":"template-blank-4.php","meta":{"footnotes":""},"class_list":["post-989","page","type-page","status-publish","hentry","no-post-thumbnail"],"_links":{"self":[{"href":"https:\/\/fernandogil.music\/index.php?rest_route=\/wp\/v2\/pages\/989","targetHints":{"allow":["GET"]}}],"collection":[{"href":"https:\/\/fernandogil.music\/index.php?rest_route=\/wp\/v2\/pages"}],"about":[{"href":"https:\/\/fernandogil.music\/index.php?rest_route=\/wp\/v2\/types\/page"}],"author":[{"embeddable":true,"href":"https:\/\/fernandogil.music\/index.php?rest_route=\/wp\/v2\/users\/1"}],"replies":[{"embeddable":true,"href":"https:\/\/fernandogil.music\/index.php?rest_route=%2Fwp%2Fv2%2Fcomments&post=989"}],"version-history":[{"count":10,"href":"https:\/\/fernandogil.music\/index.php?rest_route=\/wp\/v2\/pages\/989\/revisions"}],"predecessor-version":[{"id":1029,"href":"https:\/\/fernandogil.music\/index.php?rest_route=\/wp\/v2\/pages\/989\/revisions\/1029"}],"wp:attachment":[{"href":"https:\/\/fernandogil.music\/index.php?rest_route=%2Fwp%2Fv2%2Fmedia&parent=989"}],"curies":[{"name":"wp","href":"https:\/\/api.w.org\/{rel}","templated":true}]}}